{"id":1488,"date":"2024-07-17T16:02:23","date_gmt":"2024-07-17T16:02:23","guid":{"rendered":"https:\/\/consultequia.com\/home\/"},"modified":"2025-01-30T12:45:41","modified_gmt":"2025-01-30T12:45:41","slug":"home","status":"publish","type":"page","link":"https:\/\/consultequia.com\/es\/","title":{"rendered":"Inicio"},"content":{"rendered":"<div class=\"wp-block-uagb-container uagb-block-0510ccec alignfull uagb-is-root-container\"><div class=\"uagb-container-inner-blocks-wrap\">\n<div class=\"wp-block-uagb-container uagb-block-5cb4b1bf\">\n<div class=\"wp-block-uagb-info-box uagb-block-7368a642 uagb-infobox__content-wrap  uagb-infobox-icon-above-title uagb-infobox-image-valign-top\"><div class=\"uagb-ifb-content\"><div class=\"uagb-ifb-title-wrap\"><h1 class=\"uagb-ifb-title\">Consultequia<\/h1><\/div><p class=\"uagb-ifb-desc\">Nos especializamos en el asesoramiento a instituciones y entidades que pertenecen al sector justicia o se encuentran relacionadas con \u00e9l, para solucionar problemas de funcionamiento y mejorar en forma continua sus procesos. A tal fin, el equipo multidisciplinario con el que contamos aplica un proceso cient\u00edficamente fundamentado, que procura primero entender bien el problema y luego intervenir sobre \u00e9l.<\/p><\/div><\/div>\n\n\n\n<div class=\"wp-block-uagb-buttons uagb-buttons__outer-wrap uagb-btn__default-btn uagb-btn-tablet__default-btn uagb-btn-mobile__default-btn uagb-block-f1523bbd\"><div class=\"uagb-buttons__wrap uagb-buttons-layout-wrap\">\n<div class=\"wp-block-uagb-buttons-child uagb-buttons__outer-wrap uagb-block-a45b8db4 wp-block-button\"><div class=\"uagb-button__wrapper\"><a class=\"uagb-buttons-repeater wp-block-button__link\" aria-label=\"\" href=\"https:\/\/consultequia.com\/es\/services\/\" rel=\"follow noopener\" target=\"_self\" role=\"button\"><div class=\"uagb-button__link\">Servicios<\/div><\/a><\/div><\/div>\n<\/div><\/div>\n<\/div>\n<\/div><\/div>\n\n\n\n<p class=\"has-text-align-right has-small-font-size\">Dise\u00f1ado por <a href=\"https:\/\/www.freepik.es\/\" target=\"_blank\" rel=\"noreferrer noopener\">Freepik<\/a><\/p>\n\n\n\n<div class=\"wp-block-uagb-container uagb-block-7b830887 alignfull uagb-is-root-container\"><div class=\"uagb-container-inner-blocks-wrap\">\n<div class=\"wp-block-uagb-advanced-heading uagb-block-c4252b01\"><h2 class=\"uagb-heading-text\">Servicios principales<\/h2><\/div>\n\n\n\n<div class=\"wp-block-uagb-container uagb-block-4d4d48d6\">\n<div class=\"wp-block-uagb-container uagb-block-3aab562c\">\n<div class=\"wp-block-uagb-info-box uagb-block-3ea7b182 uagb-infobox__content-wrap  uagb-infobox_cta-type-all uagb-infobox-icon-above-title uagb-infobox-image-valign-top\"><a href=\"https:\/\/consultequia.com\/es\/services\/#diagnosticos-y-dise\u00f1o-institucional\" class=\"uagb-infobox-link-wrap uagb-infbox__link-to-all\" target=\"_self\" aria-label=\"Infobox Link\" rel=\"noopener noreferrer\" onclick=\"return true;\"><\/a><div class=\"uagb-ifb-content\"><div class=\"uagb-ifb-title-wrap\"><h4 class=\"uagb-ifb-title\"><strong><strong>Diagn\u00f3stico y dise\u00f1o institucional<\/strong><\/strong><\/h4><\/div><div class=\"uagb-ifb-button-wrapper wp-block-button\"><\/div><\/div><\/div>\n<\/div>\n\n\n\n<div class=\"wp-block-uagb-container uagb-block-f0fb8981\">\n<div class=\"wp-block-uagb-info-box uagb-block-c2361e87 uagb-infobox__content-wrap  uagb-infobox_cta-type-all uagb-infobox-icon-above-title uagb-infobox-image-valign-top\"><a href=\"https:\/\/consultequia.com\/es\/services\/#desarrollo-de-metodologias-e-instrumentos\" class=\"uagb-infobox-link-wrap uagb-infbox__link-to-all\" target=\"_self\" aria-label=\"Infobox Link\" rel=\"noopener noreferrer\" onclick=\"return true;\"><\/a><div class=\"uagb-ifb-content\"><div class=\"uagb-ifb-title-wrap\"><h4 class=\"uagb-ifb-title\"><strong><strong><strong>Desarrollo de metodolog\u00edas e instrumentos<\/strong><\/strong><\/strong><\/h4><\/div><div class=\"uagb-ifb-button-wrapper wp-block-button\"><\/div><\/div><\/div>\n<\/div>\n\n\n\n<div class=\"wp-block-uagb-container uagb-block-fb564294\">\n<div class=\"wp-block-uagb-info-box uagb-block-0a431fb6 uagb-infobox__content-wrap  uagb-infobox_cta-type-all uagb-infobox-icon-above-title uagb-infobox-image-valign-top wp-block-uagb-info-box--has-margin\"><div class=\"uagb-infobox-margin-wrapper\"><a href=\"https:\/\/consultequia.com\/es\/services\/#gestion-de-proyectos\" class=\"uagb-infobox-link-wrap uagb-infbox__link-to-all\" target=\"_self\" aria-label=\"Infobox Link\" rel=\"noopener noreferrer\" onclick=\"return true;\"><\/a><div class=\"uagb-ifb-content\"><div class=\"uagb-ifb-title-wrap\"><h4 class=\"uagb-ifb-title\">Gesti\u00f3n de proyectos<\/h4><\/div><div class=\"uagb-ifb-button-wrapper wp-block-button\"><\/div><\/div><\/div><\/div>\n<\/div>\n<\/div>\n\n\n\n<div class=\"wp-block-uagb-container uagb-block-ce86e2bb\">\n<div class=\"wp-block-uagb-container uagb-block-44e897c5\">\n<div class=\"wp-block-uagb-info-box uagb-block-aab0c17a uagb-infobox__content-wrap  uagb-infobox_cta-type-all uagb-infobox-icon-above-title uagb-infobox-image-valign-top\"><a href=\"https:\/\/consultequia.com\/es\/services\/#analisis-de-informacion-y-ciencia-de-datos\" class=\"uagb-infobox-link-wrap uagb-infbox__link-to-all\" target=\"_self\" aria-label=\"Infobox Link\" rel=\"noopener noreferrer\" onclick=\"return true;\"><\/a><div class=\"uagb-ifb-content\"><div class=\"uagb-ifb-title-wrap\"><h4 class=\"uagb-ifb-title\"><strong>An\u00e1lisis de informaci\u00f3n y Ciencia de datos<\/strong> <strong>\u200b<\/strong><\/h4><\/div><div class=\"uagb-ifb-button-wrapper wp-block-button\"><\/div><\/div><\/div>\n<\/div>\n\n\n\n<div id=\"https:\/\/consultequia.com\/services\/\" class=\"wp-block-uagb-container uagb-block-76411060\">\n<div class=\"wp-block-uagb-info-box uagb-block-1bd7c6d8 uagb-infobox__content-wrap  uagb-infobox_cta-type-all uagb-infobox-icon-above-title uagb-infobox-image-valign-top\"><a href=\"https:\/\/consultequia.com\/es\/services\/#elaboracion-de-estudios-tecnicos-cientificos\" class=\"uagb-infobox-link-wrap uagb-infbox__link-to-all\" target=\"_self\" aria-label=\"Infobox Link\" rel=\"noopener noreferrer\" onclick=\"return true;\"><\/a><div class=\"uagb-ifb-content\"><div class=\"uagb-ifb-title-wrap\"><h4 class=\"uagb-ifb-title\"><strong><strong><strong><strong><strong><strong>Elaboraci\u00f3n de estudios t\u00e9cnico-cient\u00edficos<\/strong><\/strong><\/strong><\/strong><\/strong>\u200b<\/strong><\/h4><\/div><div class=\"uagb-ifb-button-wrapper wp-block-button\"><\/div><\/div><\/div>\n<\/div>\n\n\n\n<div class=\"wp-block-uagb-container uagb-block-a021c308\">\n<div class=\"wp-block-uagb-info-box uagb-block-ddf22a23 uagb-infobox__content-wrap  uagb-infobox_cta-type-all uagb-infobox-icon-above-title uagb-infobox-image-valign-top\"><a href=\"https:\/\/consultequia.com\/es\/services\/#capacitacion\" class=\"uagb-infobox-link-wrap uagb-infbox__link-to-all\" target=\"_self\" aria-label=\"Infobox Link\" rel=\"noopener noreferrer\" onclick=\"return true;\"><\/a><div class=\"uagb-ifb-content\"><div class=\"uagb-ifb-title-wrap\"><h4 class=\"uagb-ifb-title\"><strong>Capacitaci\u00f3n<\/strong>\u200b\u200b<\/h4><\/div><div class=\"uagb-ifb-button-wrapper wp-block-button\"><\/div><\/div><\/div>\n<\/div>\n<\/div>\n\n\n\n<div class=\"wp-block-uagb-container uagb-block-ea973de1\">\n<div class=\"wp-block-uagb-container uagb-block-edab36fc\"><\/div>\n\n\n\n<div id=\"https:\/\/consultequia.com\/services\/\" class=\"wp-block-uagb-container uagb-block-ec7e6e4c\">\n<div class=\"wp-block-uagb-info-box uagb-block-46fa95ed uagb-infobox__content-wrap  uagb-infobox_cta-type-all uagb-infobox-icon-above-title uagb-infobox-image-valign-top\"><a href=\"https:\/\/consultequia.com\/es\/services\/#asesoramiento-en-caso\" class=\"uagb-infobox-link-wrap uagb-infbox__link-to-all\" target=\"_self\" aria-label=\"Infobox Link\" rel=\"noopener noreferrer\" onclick=\"return true;\"><\/a><div class=\"uagb-ifb-content\"><div class=\"uagb-ifb-title-wrap\"><h4 class=\"uagb-ifb-title\"><strong>\u200b<\/strong>Asesoramiento en casos<\/h4><\/div><div class=\"uagb-ifb-button-wrapper wp-block-button\"><\/div><\/div><\/div>\n<\/div>\n\n\n\n<div class=\"wp-block-uagb-container uagb-block-0eab9fd4\"><\/div>\n<\/div>\n<\/div><\/div>\n\n\n\n<div style=\"height:40px\" aria-hidden=\"true\" class=\"wp-block-spacer\"><\/div>\n\n\n\n<div class=\"wp-block-uagb-container uagb-block-47c5e8d5 alignfull uagb-is-root-container\"><div class=\"uagb-container-inner-blocks-wrap\">\n<div class=\"wp-block-uagb-container uagb-block-f1ee2da2\"><\/div>\n\n\n\n<div class=\"wp-block-uagb-container uagb-block-1ef07dee\">\n<h2 class=\"wp-block-heading\">Nuestro equipo<\/h2>\n\n\n\n<p style=\"margin-top:0;margin-right:0px;margin-bottom:0;margin-left:0px;padding-right:0;padding-left:0\" class=\" translation-block\">Nuestro equipo de trabajo est\u00e1 formado por profesionales de diversas disciplinas y oriundos de diversos pa\u00edses, los cuales cuentan con una amplia experiencia en el trabajo con instituciones abocadas a la administraci\u00f3n de justicia, seguridad e investigaci\u00f3n criminal. En este sentido, nuestros profesionales han formado parte de instituciones del sector en diversos pa\u00edses, de manera que conocen de primera mano los problemas t\u00edpicos que aquejan a este tipo de instituciones. Tambi\u00e9n cuentan con una amplia experiencia en el asesoramiento externo a instituciones en distintos pa\u00edses del mundo. Desde el punto de vista t\u00e9cnico, nuestros profesionales se desempe\u00f1an en diversos campos de conocimiento, tales como el derecho, la criminal\u00edstica, la f\u00edsica, la ingenier\u00eda de procesos, ciencia de datos y hasta filosof\u00eda y metodolog\u00eda de la investigaci\u00f3n. Asimismo, varios de ellos cuentan con amplia experiencia en docencia y en actividades de investigaci\u00f3n cient\u00edfica.<\/p>\n\n\n\n<div class=\"wp-block-uagb-buttons uagb-buttons__outer-wrap uagb-btn__default-btn uagb-btn-tablet__default-btn uagb-btn-mobile__default-btn uagb-block-1fa27e38\"><div class=\"uagb-buttons__wrap uagb-buttons-layout-wrap\">\n<div class=\"wp-block-uagb-buttons-child uagb-buttons__outer-wrap uagb-block-670effd9 wp-block-button\"><div class=\"uagb-button__wrapper\"><a class=\"uagb-buttons-repeater wp-block-button__link\" aria-label=\"\" href=\"https:\/\/consultequia.com\/es\/about\/\" rel=\"follow noopener\" target=\"_self\" role=\"button\"><div class=\"uagb-button__link\">Sobre nosotros<\/div><\/a><\/div><\/div>\n<\/div><\/div>\n<\/div>\n<\/div><\/div>","protected":false},"excerpt":{"rendered":"<p>Design by Freepik Main services The team\u200b Our team is composed of professionals from diverse disciplines and nationalities with ample experience working with institutions from the justice, security and criminal investigation sectors in various countries, and providing advice to improve their capacities.&nbsp;Through this experience, our experts know first-hand the challenges they face.&nbsp;From a technical perspective, [&hellip;]<\/p>","protected":false},"author":1,"featured_media":0,"parent":0,"menu_order":0,"comment_status":"closed","ping_status":"closed","template":"","meta":{"_uag_custom_page_level_css":"","site-sidebar-layout":"no-sidebar","site-content-layout":"page-builder","ast-site-content-layout":"full-width-container","site-content-style":"unboxed","site-sidebar-style":"unboxed","ast-global-header-display":"","ast-banner-title-visibility":"","ast-main-header-display":"","ast-hfb-above-header-display":"","ast-hfb-below-header-display":"","ast-hfb-mobile-header-display":"","site-post-title":"disabled","ast-breadcrumbs-content":"","ast-featured-img":"disabled","footer-sml-layout":"","theme-transparent-header-meta":"enabled","adv-header-id-meta":"","stick-header-meta":"","header-above-stick-meta":"","header-main-stick-meta":"","header-below-stick-meta":"","astra-migrate-meta-layouts":"set","ast-page-background-enabled":"default","ast-page-background-meta":{"desktop":{"background-color":"","background-image":"","background-repeat":"repeat","background-position":"center center","background-size":"auto","background-attachment":"scroll","background-type":"","background-media":"","overlay-type":"","overlay-color":"","overlay-opacity":"","overlay-gradient":""},"tablet":{"background-color":"","background-image":"","background-repeat":"repeat","background-position":"center center","background-size":"auto","background-attachment":"scroll","background-type":"","background-media":"","overlay-type":"","overlay-color":"","overlay-opacity":"","overlay-gradient":""},"mobile":{"background-color":"","background-image":"","background-repeat":"repeat","background-position":"center center","background-size":"auto","background-attachment":"scroll","background-type":"","background-media":"","overlay-type":"","overlay-color":"","overlay-opacity":"","overlay-gradient":""}},"ast-content-background-meta":{"desktop":{"background-color":"var(--ast-global-color-5)","background-image":"","background-repeat":"repeat","background-position":"center center","background-size":"auto","background-attachment":"scroll","background-type":"","background-media":"","overlay-type":"","overlay-color":"","overlay-opacity":"","overlay-gradient":""},"tablet":{"background-color":"var(--ast-global-color-5)","background-image":"","background-repeat":"repeat","background-position":"center center","background-size":"auto","background-attachment":"scroll","background-type":"","background-media":"","overlay-type":"","overlay-color":"","overlay-opacity":"","overlay-gradient":""},"mobile":{"background-color":"var(--ast-global-color-5)","background-image":"","background-repeat":"repeat","background-position":"center center","background-size":"auto","background-attachment":"scroll","background-type":"","background-media":"","overlay-type":"","overlay-color":"","overlay-opacity":"","overlay-gradient":""}},"footnotes":""},"uagb_featured_image_src":{"full":false,"thumbnail":false,"medium":false,"medium_large":false,"large":false,"1536x1536":false,"2048x2048":false,"trp-custom-language-flag":false},"uagb_author_info":{"display_name":"lmlopezcarr","author_link":"https:\/\/consultequia.com\/es\/author\/lmlopezcarr\/"},"uagb_comment_info":0,"uagb_excerpt":"Design by Freepik Main services The team\u200b Our team is composed of professionals from diverse disciplines and nationalities with ample experience working with institutions from the justice, security and criminal investigation sectors in various countries, and providing advice to improve their capacities.&nbsp;Through this experience, our experts know first-hand the challenges they face.&nbsp;From a technical perspective,&hellip;","_links":{"self":[{"href":"https:\/\/consultequia.com\/es\/wp-json\/wp\/v2\/pages\/1488"}],"collection":[{"href":"https:\/\/consultequia.com\/es\/wp-json\/wp\/v2\/pages"}],"about":[{"href":"https:\/\/consultequia.com\/es\/wp-json\/wp\/v2\/types\/page"}],"author":[{"embeddable":true,"href":"https:\/\/consultequia.com\/es\/wp-json\/wp\/v2\/users\/1"}],"replies":[{"embeddable":true,"href":"https:\/\/consultequia.com\/es\/wp-json\/wp\/v2\/comments?post=1488"}],"version-history":[{"count":308,"href":"https:\/\/consultequia.com\/es\/wp-json\/wp\/v2\/pages\/1488\/revisions"}],"predecessor-version":[{"id":3412,"href":"https:\/\/consultequia.com\/es\/wp-json\/wp\/v2\/pages\/1488\/revisions\/3412"}],"wp:attachment":[{"href":"https:\/\/consultequia.com\/es\/wp-json\/wp\/v2\/media?parent=1488"}],"curies":[{"name":"wp","href":"https:\/\/api.w.org\/{rel}","templated":true}]}}