{"id":1490,"date":"2024-07-17T16:02:23","date_gmt":"2024-07-17T16:02:23","guid":{"rendered":"https:\/\/consultequia.com\/about\/"},"modified":"2025-02-20T12:19:38","modified_gmt":"2025-02-20T12:19:38","slug":"about","status":"publish","type":"page","link":"https:\/\/consultequia.com\/es\/about\/","title":{"rendered":"Sobre nosotros"},"content":{"rendered":"<div class=\"wp-block-uagb-container uagb-block-78fbda14 alignfull uagb-is-root-container\"><div class=\"uagb-container-inner-blocks-wrap\">\n<div class=\"wp-block-uagb-advanced-heading uagb-block-9bedb1f9\"><h1 class=\"uagb-heading-text\">Sobre nosotros<\/h1><\/div>\n<\/div><\/div>\n\n\n\n<p class=\"has-text-align-right has-small-font-size\">Dise\u00f1ado por <a href=\"https:\/\/www.freepik.es\/\" target=\"_blank\" rel=\"noreferrer noopener\">Freepik<\/a><\/p>\n\n\n\n<div class=\"wp-block-uagb-container uagb-block-0682ea1d alignfull uagb-is-root-container\"><div class=\"uagb-container-inner-blocks-wrap\"><div class=\"wp-block-uagb-faq uagb-faq__outer-wrap uagb-block-0e65fc6c uagb-faq-icon-row uagb-faq-layout-accordion uagb-faq-expand-first-false uagb-faq-inactive-other-true uagb-faq__wrap uagb-buttons-layout-wrap uagb-faq-equal-height\" data-faqtoggle=\"true\" role=\"tablist\"><div class=\"wp-block-uagb-faq-child uagb-faq-child__outer-wrap uagb-faq-item uagb-block-7dbf004e\" role=\"tab\" tabindex=\"0\"><div class=\"uagb-faq-questions-button uagb-faq-questions\">\t\t\t<span class=\"uagb-icon uagb-faq-icon-wrap\">\n\t\t\t\t\t\t\t\t<svg xmlns=\"https:\/\/www.w3.org\/2000\/svg\" viewbox= \"0 0 448 512\"><path d=\"M432 256c0 17.69-14.33 32.01-32 32.01H256v144c0 17.69-14.33 31.99-32 31.99s-32-14.3-32-31.99v-144H48c-17.67 0-32-14.32-32-32.01s14.33-31.99 32-31.99H192v-144c0-17.69 14.33-32.01 32-32.01s32 14.32 32 32.01v144h144C417.7 224 432 238.3 432 256z\"><\/path><\/svg>\n\t\t\t\t\t\t\t<\/span>\n\t\t\t\t\t\t<span class=\"uagb-icon-active uagb-faq-icon-wrap\">\n\t\t\t\t\t\t\t\t<svg xmlns=\"https:\/\/www.w3.org\/2000\/svg\" viewbox= \"0 0 448 512\"><path d=\"M400 288h-352c-17.69 0-32-14.32-32-32.01s14.31-31.99 32-31.99h352c17.69 0 32 14.3 32 31.99S417.7 288 400 288z\"><\/path><\/svg>\n\t\t\t\t\t\t\t<\/span>\n\t\t\t<h3 class=\"uagb-question\"><strong>\u00bfQui\u00e9nes somos?<\/strong><\/h3><\/div><div class=\"uagb-faq-content\"><p class=\" translation-block\">Somos una empresa especializada en la consultor\u00eda sobre temas de seguridad, justicia e investigaci\u00f3n criminal, tanto en el sector p\u00fablico como privado. Si bien estos temas son una responsabilidad primaria del sector p\u00fablico, existen numerosas entidades privadas que intervienen en ellos, sea prestando servicios o cumpliendo obligaciones que el marco normativo les asigna. Por lo tanto, la eficiencia en la administraci\u00f3n de justicia, seguridad e investigaci\u00f3n criminal alcanza a ambos sectores y todos ellos pueden beneficiarse del asesoramiento externo que nuestra compa\u00f1\u00eda ofrece. <br><br>Consultequia no es solamente quienes somos:  <em><strong>es lo que hacemos<\/strong><\/em>. El nombre combina las expresiones <em>consultor\u00eda<\/em>, que se refiere al asesoramiento en una materia espec\u00edfica, y <em>Entel\u00e9cheia<\/em>, que es el t\u00e9rmino que Arist\u00f3teles us\u00f3 para referirse al estado en que una entidad ha desarrollado completamente todas sus potencialidades. Esto es precisamente lo que hacemos: asesoramos a nuestros clientes para ayudarlos a alcanzar la mejor versi\u00f3n de s\u00ed mismos, sea a partir del abordaje de problemas concretos o de la implementaci\u00f3n de procesos de mejora continua de sus capacidades.<\/p><\/div><\/div><div class=\"wp-block-uagb-faq-child uagb-faq-child__outer-wrap uagb-faq-item uagb-block-dfe36f5b\" role=\"tab\" tabindex=\"0\"><div class=\"uagb-faq-questions-button uagb-faq-questions\">\t\t\t<span class=\"uagb-icon uagb-faq-icon-wrap\">\n\t\t\t\t\t\t\t\t<svg xmlns=\"https:\/\/www.w3.org\/2000\/svg\" viewbox= \"0 0 448 512\"><path d=\"M432 256c0 17.69-14.33 32.01-32 32.01H256v144c0 17.69-14.33 31.99-32 31.99s-32-14.3-32-31.99v-144H48c-17.67 0-32-14.32-32-32.01s14.33-31.99 32-31.99H192v-144c0-17.69 14.33-32.01 32-32.01s32 14.32 32 32.01v144h144C417.7 224 432 238.3 432 256z\"><\/path><\/svg>\n\t\t\t\t\t\t\t<\/span>\n\t\t\t\t\t\t<span class=\"uagb-icon-active uagb-faq-icon-wrap\">\n\t\t\t\t\t\t\t\t<svg xmlns=\"https:\/\/www.w3.org\/2000\/svg\" viewbox= \"0 0 448 512\"><path d=\"M400 288h-352c-17.69 0-32-14.32-32-32.01s14.31-31.99 32-31.99h352c17.69 0 32 14.3 32 31.99S417.7 288 400 288z\"><\/path><\/svg>\n\t\t\t\t\t\t\t<\/span>\n\t\t\t<h3 class=\"uagb-question\"><strong>\u00bfDe d\u00f3nde venimos?<\/strong><\/h3><\/div><div class=\"uagb-faq-content\"><p>Consultequia naci\u00f3 a partir de la iniciativa de un conjunto de profesionales especializados en diversas disciplinas, los cu\u00e1les compart\u00edan la preocupaci\u00f3n por los problemas que aquejan a los sistemas de administraci\u00f3n de justicia, seguridad e investigaci\u00f3n criminal. Dicha preocupaci\u00f3n es producto no solamente de haber trabajado durante varios a\u00f1os en instituciones del sector en diversos pa\u00edses, sino tambi\u00e9n, de haber asesorado externamente a otras tantas a trav\u00e9s del tiempo. Por esa raz\u00f3n, comprendemos las dificultades que las instituciones padecen y el desaf\u00edo que implica superarlas, pero aportamos una mirada completa e interdisciplinaria.<\/p><\/div><\/div><div class=\"wp-block-uagb-faq-child uagb-faq-child__outer-wrap uagb-faq-item uagb-block-54b19cdd\" role=\"tab\" tabindex=\"0\"><div class=\"uagb-faq-questions-button uagb-faq-questions\">\t\t\t<span class=\"uagb-icon uagb-faq-icon-wrap\">\n\t\t\t\t\t\t\t\t<svg xmlns=\"https:\/\/www.w3.org\/2000\/svg\" viewbox= \"0 0 448 512\"><path d=\"M432 256c0 17.69-14.33 32.01-32 32.01H256v144c0 17.69-14.33 31.99-32 31.99s-32-14.3-32-31.99v-144H48c-17.67 0-32-14.32-32-32.01s14.33-31.99 32-31.99H192v-144c0-17.69 14.33-32.01 32-32.01s32 14.32 32 32.01v144h144C417.7 224 432 238.3 432 256z\"><\/path><\/svg>\n\t\t\t\t\t\t\t<\/span>\n\t\t\t\t\t\t<span class=\"uagb-icon-active uagb-faq-icon-wrap\">\n\t\t\t\t\t\t\t\t<svg xmlns=\"https:\/\/www.w3.org\/2000\/svg\" viewbox= \"0 0 448 512\"><path d=\"M400 288h-352c-17.69 0-32-14.32-32-32.01s14.31-31.99 32-31.99h352c17.69 0 32 14.3 32 31.99S417.7 288 400 288z\"><\/path><\/svg>\n\t\t\t\t\t\t\t<\/span>\n\t\t\t<h3 class=\"uagb-question\">\u00bfQu\u00e9 alcance tiene lo que hacemos?<\/h3><\/div><div class=\"uagb-faq-content\"><p>En cuanto a las necesidades de nuestros clientes, nuestro asesoramiento abarca todos los niveles: tanto el nivel general de la organizaci\u00f3n y sus procesos, como al nivel de la ejecuci\u00f3n concreta en casos espec\u00edficos. A nivel macro, analizamos deficiencias de dise\u00f1o institucional y proponemos, implementamos y monitoreamos soluciones; desarrollamos metodolog\u00edas de trabajo, realizamos investigaci\u00f3n y desarrollo para ofrecer soluciones, y capacitamos en diversos temas de nuestra especialidad. A nivel micro, asesoramos en casos concretos, acompa\u00f1amos la gesti\u00f3n de proyectos puntuales y realizamos estudios sobre temas espec\u00edficos.<\/p><\/div><\/div><div class=\"wp-block-uagb-faq-child uagb-faq-child__outer-wrap uagb-faq-item uagb-block-3028c317\" role=\"tab\" tabindex=\"0\"><div class=\"uagb-faq-questions-button uagb-faq-questions\">\t\t\t<span class=\"uagb-icon uagb-faq-icon-wrap\">\n\t\t\t\t\t\t\t\t<svg xmlns=\"https:\/\/www.w3.org\/2000\/svg\" viewbox= \"0 0 448 512\"><path d=\"M432 256c0 17.69-14.33 32.01-32 32.01H256v144c0 17.69-14.33 31.99-32 31.99s-32-14.3-32-31.99v-144H48c-17.67 0-32-14.32-32-32.01s14.33-31.99 32-31.99H192v-144c0-17.69 14.33-32.01 32-32.01s32 14.32 32 32.01v144h144C417.7 224 432 238.3 432 256z\"><\/path><\/svg>\n\t\t\t\t\t\t\t<\/span>\n\t\t\t\t\t\t<span class=\"uagb-icon-active uagb-faq-icon-wrap\">\n\t\t\t\t\t\t\t\t<svg xmlns=\"https:\/\/www.w3.org\/2000\/svg\" viewbox= \"0 0 448 512\"><path d=\"M400 288h-352c-17.69 0-32-14.32-32-32.01s14.31-31.99 32-31.99h352c17.69 0 32 14.3 32 31.99S417.7 288 400 288z\"><\/path><\/svg>\n\t\t\t\t\t\t\t<\/span>\n\t\t\t<h3 class=\"uagb-question\">\u00bfHacia d\u00f3nde vamos?<\/h3><\/div><div class=\"uagb-faq-content\"><p>Nuestra meta es ayudar al fortalecimiento de los sistemas de administraci\u00f3n de justicia, seguridad e investigaci\u00f3n criminal, para de esa manera contribuir a la mejora en la calidad de vida de las sociedades en las que dichos sistemas se insertan. Por esa raz\u00f3n, aunque trabajamos de manera espec\u00edfica con cada instituci\u00f3n, siempre tenemos en cuenta el panorama global en el cual se inserta. Esto es particularmente importante en el contexto de un mundo profundamente afectado por la criminalidad organizada transnacional.<\/p><\/div><\/div><div class=\"wp-block-uagb-faq-child uagb-faq-child__outer-wrap uagb-faq-item uagb-block-ee20b832\" role=\"tab\" tabindex=\"0\"><div class=\"uagb-faq-questions-button uagb-faq-questions\">\t\t\t<span class=\"uagb-icon uagb-faq-icon-wrap\">\n\t\t\t\t\t\t\t\t<svg xmlns=\"https:\/\/www.w3.org\/2000\/svg\" viewbox= \"0 0 448 512\"><path d=\"M432 256c0 17.69-14.33 32.01-32 32.01H256v144c0 17.69-14.33 31.99-32 31.99s-32-14.3-32-31.99v-144H48c-17.67 0-32-14.32-32-32.01s14.33-31.99 32-31.99H192v-144c0-17.69 14.33-32.01 32-32.01s32 14.32 32 32.01v144h144C417.7 224 432 238.3 432 256z\"><\/path><\/svg>\n\t\t\t\t\t\t\t<\/span>\n\t\t\t\t\t\t<span class=\"uagb-icon-active uagb-faq-icon-wrap\">\n\t\t\t\t\t\t\t\t<svg xmlns=\"https:\/\/www.w3.org\/2000\/svg\" viewbox= \"0 0 448 512\"><path d=\"M400 288h-352c-17.69 0-32-14.32-32-32.01s14.31-31.99 32-31.99h352c17.69 0 32 14.3 32 31.99S417.7 288 400 288z\"><\/path><\/svg>\n\t\t\t\t\t\t\t<\/span>\n\t\t\t<h3 class=\"uagb-question\">\u00bfEn qu\u00e9 creemos?<\/h3><\/div><div class=\"uagb-faq-content\"><p>En Consultequia creemos que no hay problema m\u00e1s dif\u00edcil de resolver que aquel que no se entiende y que formular bien la pregunta es la mitad de la respuesta. Por esa raz\u00f3n, analizamos profundamente la situaci\u00f3n, tirando del hilo hasta identificar el problema y sus causas. Solo despu\u00e9s de entender bien el problema sugerimos estrategias de intervenci\u00f3n a nuestros clientes. Para eso empleamos una s\u00f3lida metodolog\u00eda basada en ciencia, en la cual son expertos los profesionales con los que contamos. En todo momento trabajamos de la misma forma profunda, rigurosa y detallista con la que elegimos nuestro nombre, y cuando abordamos un problema lo hacemos integral y sistem\u00e1ticamente.<\/p><\/div><\/div><\/div><\/div><\/div>\n\n\n\n<div class=\"wp-block-uagb-container uagb-block-4e055757 alignfull uagb-is-root-container\"><div class=\"uagb-container-inner-blocks-wrap\">\n<div class=\"wp-block-uagb-advanced-heading uagb-block-52e6f048\"><h2 class=\"uagb-heading-text\">Flujo de trabajo<\/h2><\/div>\n\n\n\n<div class=\"wp-block-uagb-container uagb-block-07da9de1\">\n<div class=\"wp-block-uagb-container uagb-block-51075e3c\">\n<div class=\"wp-block-uagb-info-box uagb-block-41b7352e uagb-infobox__content-wrap  uagb-infobox-icon-above-title uagb-infobox-image-valign-top\"><div class=\"uagb-ifb-content\"><div class=\"uagb-ifb-title-wrap\"><span class=\"uagb-ifb-title-prefix\">1.<\/span><h4 class=\"uagb-ifb-title\"><br><strong>Familiarizaci\u00f3n con el cliente - Acercamiento<\/strong>\u200b<\/h4><\/div><p class=\"uagb-ifb-desc\">Nos reunimos con el cliente tantas veces como sea necesario, para entender sus necesidades y sus expectativas.<\/p><\/div><\/div>\n<\/div>\n\n\n\n<div class=\"wp-block-uagb-container uagb-block-8da79abb\">\n<div class=\"wp-block-uagb-info-box uagb-block-974ef798 uagb-infobox__content-wrap  uagb-infobox-icon-above-title uagb-infobox-image-valign-top\"><div class=\"uagb-ifb-content\"><div class=\"uagb-ifb-title-wrap\"><span class=\"uagb-ifb-title-prefix\">2.<\/span><h4 class=\"uagb-ifb-title\"><br><strong>Comprensi\u00f3n del problema<\/strong>\u200b<\/h4><\/div><p class=\"uagb-ifb-desc\">Analizamos profundamente el problema que inquieta al cliente hasta entender su alcance y sus causas. En caso de ser necesario, proponemos y desarrollamos procesos de diagn\u00f3stico a partir de una s\u00f3lida metodolog\u00eda basada en ciencia.<\/p><\/div><\/div>\n<\/div>\n\n\n\n<div class=\"wp-block-uagb-container uagb-block-865cfcc6\">\n<div class=\"wp-block-uagb-info-box uagb-block-1e5ee18b uagb-infobox__content-wrap  uagb-infobox-icon-above-title uagb-infobox-image-valign-top\"><div class=\"uagb-ifb-content\"><div class=\"uagb-ifb-title-wrap\"><span class=\"uagb-ifb-title-prefix\">3.<\/span><h4 class=\"uagb-ifb-title\"><br><strong>Planificaci\u00f3n de la intervenci\u00f3n<\/strong>\u200b<\/h4><\/div><p class=\"uagb-ifb-desc\">Una vez identificado y comprendido el problema proponemos diversas estrategias de intervenci\u00f3n, teniendo en cuenta los est\u00e1ndares t\u00e9cnicos, pero tambi\u00e9n las posibilidades sociales, pol\u00edticas y econ\u00f3micas de nuestros clientes.<\/p><\/div><\/div>\n<\/div>\n<\/div>\n\n\n\n<div class=\"wp-block-uagb-container uagb-block-f9dbfcfe\">\n<div class=\"wp-block-uagb-container uagb-block-53757643\">\n<div class=\"wp-block-uagb-info-box uagb-block-1d65747b uagb-infobox__content-wrap  uagb-infobox-icon-above-title uagb-infobox-image-valign-top\"><div class=\"uagb-ifb-content\"><div class=\"uagb-ifb-title-wrap\"><span class=\"uagb-ifb-title-prefix\">4.<\/span><h4 class=\"uagb-ifb-title\"><br><strong>Intervenci\u00f3n sobre el problema<\/strong>\u200b\u200b<\/h4><\/div><p class=\"uagb-ifb-desc\">A partir de la opci\u00f3n de soluci\u00f3n seleccionada por el cliente, implementamos un plan de intervenci\u00f3n para solucionar los problemas identificados o introducir las mejoras pertinentes.<\/p><\/div><\/div>\n<\/div>\n\n\n\n<div class=\"wp-block-uagb-container uagb-block-3ce1de44\">\n<div class=\"wp-block-uagb-info-box uagb-block-c2282ab3 uagb-infobox__content-wrap  uagb-infobox-icon-above-title uagb-infobox-image-valign-top\"><div class=\"uagb-ifb-content\"><div class=\"uagb-ifb-title-wrap\"><span class=\"uagb-ifb-title-prefix\">5.<\/span><h4 class=\"uagb-ifb-title\"><br><strong>Evaluaci\u00f3n de la intervenci\u00f3n<\/strong>\u200b<\/h4><\/div><p class=\"uagb-ifb-desc\">Evaluamos la marcha de la intervenci\u00f3n a partir del monitoreo de indicadores de desempe\u00f1o y, en caso de ser necesario, proponemos modificaciones a la intervenci\u00f3n para mejorar su desarrollo.<\/p><\/div><\/div>\n<\/div>\n\n\n\n<div class=\"wp-block-uagb-container uagb-block-e404e83d\"><\/div>\n<\/div>\n<\/div><\/div>\n\n\n\n<div class=\"wp-block-uagb-container uagb-block-47c5e8d5 alignfull uagb-is-root-container\"><div class=\"uagb-container-inner-blocks-wrap\">\n<div class=\"wp-block-uagb-container uagb-block-9c40ba52\">\n<p class=\"has-text-align-left has-small-font-size\">   Dise\u00f1ado por <a href=\"https:\/\/www.freepik.es\/\">Freepik<\/a><\/p>\n<\/div>\n\n\n\n<div class=\"wp-block-uagb-container uagb-block-1ef07dee\">\n<h2 class=\"wp-block-heading\">\u00bfPor qu\u00e9 elegirnos?<\/h2>\n\n\n\n<p class=\" translation-block\">Dicen que es m\u00e1s f\u00e1cil ver la paja en el ojo ajeno que la viga en el propio. Por eso, disponer de una <strong>mirada externa<\/strong>, elaborada por profesionales de m\u00e1ximo nivel internacional puede agregar mucho valor a una instituci\u00f3n.<br><br>En nuestro caso, agregamos valor a partir de un <strong>trabajo interdisciplinario<\/strong> desarrollado por profesionales que provienen de distintos campos del conocimiento. Dichos profesionales cuentan con experiencia tanto dentro de instituciones del sector justicia, seguridad e investigaci\u00f3n criminal, como en el asesoramiento a entidades.<\/p>\n\n\n\n<p class=\" translation-block\">Creemos que <strong>cada cliente es un universo<\/strong> y que, por tanto, es importante <strong>dise\u00f1ar una soluci\u00f3n que se ajuste espec\u00edficamente a sus problemas<\/strong>. Por esa raz\u00f3n no vendemos una propuesta est\u00e1ndar, sino que la construimos en cada situaci\u00f3n particular a partir de una <strong>metodolog\u00eda basada en ciencia.<\/strong><\/p>\n\n\n\n<p><\/p>\n<\/div>\n<\/div><\/div>","protected":false},"excerpt":{"rendered":"<p>About us Design by Freepik Workflow Design by Freepik Why choose us?\u200b Consultequia adds value to institutions by taking an interdisciplinary approach with a team of professionals with vast experience with the justice, security and criminal investigation sectors and with providing relevant advice to different entities. We believe that each client is unique, and we [&hellip;]<\/p>","protected":false},"author":1,"featured_media":0,"parent":0,"menu_order":0,"comment_status":"closed","ping_status":"closed","template":"","meta":{"_uag_custom_page_level_css":"","site-sidebar-layout":"no-sidebar","site-content-layout":"page-builder","ast-site-content-layout":"full-width-container","site-content-style":"unboxed","site-sidebar-style":"unboxed","ast-global-header-display":"","ast-banner-title-visibility":"","ast-main-header-display":"","ast-hfb-above-header-display":"","ast-hfb-below-header-display":"","ast-hfb-mobile-header-display":"","site-post-title":"disabled","ast-breadcrumbs-content":"","ast-featured-img":"disabled","footer-sml-layout":"","theme-transparent-header-meta":"enabled","adv-header-id-meta":"","stick-header-meta":"","header-above-stick-meta":"","header-main-stick-meta":"","header-below-stick-meta":"","astra-migrate-meta-layouts":"set","ast-page-background-enabled":"default","ast-page-background-meta":{"desktop":{"background-color":"","background-image":"","background-repeat":"repeat","background-position":"center center","background-size":"auto","background-attachment":"scroll","background-type":"","background-media":"","overlay-type":"","overlay-color":"","overlay-opacity":"","overlay-gradient":""},"tablet":{"background-color":"","background-image":"","background-repeat":"repeat","background-position":"center center","background-size":"auto","background-attachment":"scroll","background-type":"","background-media":"","overlay-type":"","overlay-color":"","overlay-opacity":"","overlay-gradient":""},"mobile":{"background-color":"","background-image":"","background-repeat":"repeat","background-position":"center center","background-size":"auto","background-attachment":"scroll","background-type":"","background-media":"","overlay-type":"","overlay-color":"","overlay-opacity":"","overlay-gradient":""}},"ast-content-background-meta":{"desktop":{"background-color":"var(--ast-global-color-5)","background-image":"","background-repeat":"repeat","background-position":"center center","background-size":"auto","background-attachment":"scroll","background-type":"","background-media":"","overlay-type":"","overlay-color":"","overlay-opacity":"","overlay-gradient":""},"tablet":{"background-color":"var(--ast-global-color-5)","background-image":"","background-repeat":"repeat","background-position":"center center","background-size":"auto","background-attachment":"scroll","background-type":"","background-media":"","overlay-type":"","overlay-color":"","overlay-opacity":"","overlay-gradient":""},"mobile":{"background-color":"var(--ast-global-color-5)","background-image":"","background-repeat":"repeat","background-position":"center center","background-size":"auto","background-attachment":"scroll","background-type":"","background-media":"","overlay-type":"","overlay-color":"","overlay-opacity":"","overlay-gradient":""}},"footnotes":""},"uagb_featured_image_src":{"full":false,"thumbnail":false,"medium":false,"medium_large":false,"large":false,"1536x1536":false,"2048x2048":false,"trp-custom-language-flag":false},"uagb_author_info":{"display_name":"lmlopezcarr","author_link":"https:\/\/consultequia.com\/es\/author\/lmlopezcarr\/"},"uagb_comment_info":0,"uagb_excerpt":"About us Design by Freepik Workflow Design by Freepik Why choose us?\u200b Consultequia adds value to institutions by taking an interdisciplinary approach with a team of professionals with vast experience with the justice, security and criminal investigation sectors and with providing relevant advice to different entities. We believe that each client is unique, and we&hellip;","_links":{"self":[{"href":"https:\/\/consultequia.com\/es\/wp-json\/wp\/v2\/pages\/1490"}],"collection":[{"href":"https:\/\/consultequia.com\/es\/wp-json\/wp\/v2\/pages"}],"about":[{"href":"https:\/\/consultequia.com\/es\/wp-json\/wp\/v2\/types\/page"}],"author":[{"embeddable":true,"href":"https:\/\/consultequia.com\/es\/wp-json\/wp\/v2\/users\/1"}],"replies":[{"embeddable":true,"href":"https:\/\/consultequia.com\/es\/wp-json\/wp\/v2\/comments?post=1490"}],"version-history":[{"count":123,"href":"https:\/\/consultequia.com\/es\/wp-json\/wp\/v2\/pages\/1490\/revisions"}],"predecessor-version":[{"id":3425,"href":"https:\/\/consultequia.com\/es\/wp-json\/wp\/v2\/pages\/1490\/revisions\/3425"}],"wp:attachment":[{"href":"https:\/\/consultequia.com\/es\/wp-json\/wp\/v2\/media?parent=1490"}],"curies":[{"name":"wp","href":"https:\/\/api.w.org\/{rel}","templated":true}]}}