{"id":1492,"date":"2024-07-17T16:02:23","date_gmt":"2024-07-17T16:02:23","guid":{"rendered":"https:\/\/consultequia.com\/services\/"},"modified":"2025-02-21T15:55:52","modified_gmt":"2025-02-21T15:55:52","slug":"services","status":"publish","type":"page","link":"https:\/\/consultequia.com\/es\/services\/","title":{"rendered":"Servicios"},"content":{"rendered":"<div class=\"wp-block-uagb-container uagb-block-a8606d6e alignfull uagb-is-root-container\"><div class=\"uagb-container-inner-blocks-wrap\">\n<div class=\"wp-block-uagb-advanced-heading uagb-block-86893191\"><h2 class=\"uagb-heading-text\">Servicios<\/h2><\/div>\n<\/div><\/div>\n\n\n\n<p class=\"has-text-align-right has-small-font-size\">Dise\u00f1ado por <a href=\"https:\/\/www.freepik.es\/\" target=\"_blank\" rel=\"noreferrer noopener\">Freepik<\/a><\/p>\n\n\n\n<div class=\"wp-block-uagb-container uagb-block-ebeffa70 alignfull uagb-is-root-container\"><div class=\"uagb-container-inner-blocks-wrap\">\n<div class=\"wp-block-uagb-container uagb-layout-grid uagb-block-a85bf556\">\n<div id=\"diagnosticos-y-dise\u00f1o-institucional\" class=\"wp-block-uagb-container uagb-block-0751e713\">\n<div class=\"wp-block-uagb-info-box uagb-block-d0505e23 uagb-infobox__content-wrap  uagb-infobox-icon-above-title uagb-infobox-image-valign-top\"><div class=\"uagb-ifb-content\"><div class=\"uagb-ifb-title-wrap\"><div class=\"uagb-ifb-separator\"><\/div><h4 class=\"uagb-ifb-title\"><strong><strong>Diagn\u00f3stico y dise\u00f1o institucional<\/strong><\/strong><\/h4><\/div><p class=\"uagb-ifb-desc\">Ayudamos a nuestros clientes a identificar problemas en la estructura de su organizaci\u00f3n y en los procesos que ejecutan, especialmente en los aspectos legales y forenses, en los cu\u00e1les nos especializamos. Para ello utilizamos una s\u00f3lida metodolog\u00eda de trabajo basada en ciencia. Luego de realizar el diagn\u00f3stico, formulamos y proponemos al cliente estrategias y\/o planes para la resoluci\u00f3n de los problemas encontrados. Finalmente, guiamos la implementaci\u00f3n de la estrategia o plan y monitoreamos su desarrollo.<\/p><\/div><\/div>\n<\/div>\n\n\n\n<div id=\"desarrollo-de-metodologias-e-instrumentos\" class=\"wp-block-uagb-container uagb-block-ab0afac0\">\n<div class=\"wp-block-uagb-info-box uagb-block-71635d1f uagb-infobox__content-wrap  uagb-infobox-icon-above-title uagb-infobox-image-valign-top\"><div class=\"uagb-ifb-content\"><div class=\"uagb-ifb-title-wrap\"><div class=\"uagb-ifb-separator\"><\/div><h4 class=\"uagb-ifb-title\"><strong><strong><strong><strong>Desarrollo de metodolog\u00edas e instrumentos<\/strong><\/strong><\/strong><\/strong><\/h4><\/div><p class=\"uagb-ifb-desc\">Desarrollamos metodolog\u00edas de trabajo en distintas \u00e1reas, a pedido de nuestros clientes, como as\u00ed tambi\u00e9n programas inform\u00e1ticos (software) para mejorar la implementaci\u00f3n de tales metodolog\u00edas, en caso de ser necesario. Para ello contamos con profesionales que realizan activamente tareas de investigaci\u00f3n cient\u00edfica y que ponen su conocimiento al servicio de los clientes.<\/p><\/div><\/div>\n<\/div>\n\n\n\n<div id=\"gestion-de-proyectos\" class=\"wp-block-uagb-container uagb-layout-flex uagb-block-0bfd07ac\">\n<div class=\"wp-block-uagb-info-box uagb-block-06bf2df8 uagb-infobox__content-wrap  uagb-infobox-icon-above-title uagb-infobox-image-valign-top\"><div class=\"uagb-ifb-content\"><div class=\"uagb-ifb-title-wrap\"><div class=\"uagb-ifb-separator\"><\/div><h4 class=\"uagb-ifb-title\"><strong>Gesti\u00f3n de proyectos<\/strong><\/h4><\/div><p class=\"uagb-ifb-desc\">Brindamos a nuestros clientes asesoramiento t\u00e9cnico en la gesti\u00f3n de sus propios proyectos, estrategias, planes y otras formas de intervenci\u00f3n. Este asesoramiento abarca todas las etapas, desde el dise\u00f1o hasta el monitoreo y evaluaci\u00f3n. Para ese fin ofrecemos m\u00faltiples servicios, tales como el dise\u00f1o de instrumentos para el reporte, evaluaci\u00f3n y cierre de proyectos. En particular, contamos con amplia experiencia en la redacci\u00f3n de documentos de car\u00e1cter legal y forense, as\u00ed como en materia de convenios de cooperaci\u00f3n, tanto gubernamentales como no gubernamentales, sean bilaterales o multilaterales.<\/p><\/div><\/div>\n<\/div>\n\n\n\n<div id=\"analisis-de-informacion-y-ciencia-de-datos\" class=\"wp-block-uagb-container uagb-block-7d7e96cf\">\n<div class=\"wp-block-uagb-info-box uagb-block-38d90ddf uagb-infobox__content-wrap  uagb-infobox-icon-above-title uagb-infobox-image-valign-top\"><div class=\"uagb-ifb-content\"><div class=\"uagb-ifb-title-wrap\"><div class=\"uagb-ifb-separator\"><\/div><h4 class=\"uagb-ifb-title\"><strong><strong><strong>An\u00e1lisis de informaci\u00f3n y Ciencia de datos<\/strong><\/strong>\u200b<\/strong><\/h4><\/div><p class=\"uagb-ifb-desc\">Una de nuestras especialidades es el an\u00e1lisis de informaci\u00f3n y, en particular, de informaci\u00f3n legal y forense. A pedido de nuestros clientes realizamos an\u00e1lisis de informaci\u00f3n mediante herramientas de Ciencia de datos e inteligencia artificial para mejorar la toma de decisiones y la intervenci\u00f3n sobre problemas complejos. Asimismo, dise\u00f1amos criterios, instrumentos y mecanismos para la recolecci\u00f3n, almacenamiento, an\u00e1lisis y diseminaci\u00f3n de informaci\u00f3n.<\/p><\/div><\/div>\n<\/div>\n\n\n\n<div id=\"elaboracion-de-estudios-tecnicos-cientificos\" class=\"wp-block-uagb-container uagb-block-89b5033f\">\n<div class=\"wp-block-uagb-info-box uagb-block-990bfb63 uagb-infobox__content-wrap  uagb-infobox-icon-above-title uagb-infobox-image-valign-top\"><div class=\"uagb-ifb-content\"><div class=\"uagb-ifb-title-wrap\"><div class=\"uagb-ifb-separator\"><\/div><h4 class=\"uagb-ifb-title\"><strong><strong><strong><strong><strong><strong>Elaboraci\u00f3n de estudios t\u00e9cnico-cient\u00edficos<\/strong><\/strong><\/strong><\/strong>\u200b<\/strong><\/strong><\/h4><\/div><p class=\"uagb-ifb-desc\">Elaboramos estudios t\u00e9cnico-cient\u00edficos sobre distintas tem\u00e1ticas de inter\u00e9s para nuestros clientes, con \u00e9nfasis en aspectos jur\u00eddicos y forenses. Esto incluye, como ejemplos, el an\u00e1lisis de fen\u00f3menos criminales y la implementaci\u00f3n de buenas pr\u00e1cticas y recomendaciones internacionales relacionadas con prevenci\u00f3n e investigaci\u00f3n de delitos. A tal efecto, empleamos una s\u00f3lida metodolog\u00eda de investigaci\u00f3n basada en ciencia.<\/p><\/div><\/div>\n<\/div>\n\n\n\n<div id=\"capacitacion\" class=\"wp-block-uagb-container uagb-block-5224b7dd\">\n<div class=\"wp-block-uagb-info-box uagb-block-797b5a73 uagb-infobox__content-wrap  uagb-infobox-icon-above-title uagb-infobox-image-valign-top\"><div class=\"uagb-ifb-content\"><div class=\"uagb-ifb-title-wrap\"><div class=\"uagb-ifb-separator\"><\/div><h4 class=\"uagb-ifb-title\"><strong>Capacitaci\u00f3n<\/strong>\u200b\u200b<\/h4><\/div><p class=\"uagb-ifb-desc\">Brindamos capacitaci\u00f3n a nuestros clientes en los temas de nuestra especialidad, pero con un esquema que se adapte a sus necesidades, posibilidades y objetivos concretos. Esto incluye el dise\u00f1o del temario, desarrollo del material did\u00e1ctico, los mecanismos de evaluaci\u00f3n, la duraci\u00f3n de proceso, su modalidad y el lugar de realizaci\u00f3n. A tal efecto contamos con profesionales con una dilatada experiencia docente a nivel internacional, tanto en el \u00e1mbito acad\u00e9mico como institucional.<\/p><\/div><\/div>\n<\/div>\n\n\n\n<div id=\"asesoramiento-en-caso\" class=\"wp-block-uagb-container uagb-layout-grid uagb-block-92fbccc7\">\n<div class=\"wp-block-uagb-info-box uagb-block-7585c035 uagb-infobox__content-wrap  uagb-infobox-icon-above-title uagb-infobox-image-valign-top\"><div class=\"uagb-ifb-content\"><div class=\"uagb-ifb-title-wrap\"><div class=\"uagb-ifb-separator\"><\/div><h4 class=\"uagb-ifb-title\"><strong>Asesoramiento en casos<\/strong><\/h4><\/div><p class=\"uagb-ifb-desc\">Asesoramos a nuestros clientes en los aspectos forenses de los casos y procesos concretos en que deben participar, sean estos gestores de los casos o partes involucradas por cualquier otro motivo. A tal efecto, contamos con profesionales capacitados en distintas ramas de la Criminal\u00edstica o Ciencia Forense (en \u00e1reas tales como Bal\u00edstica, Dactiloscop\u00eda\/Lofoscop\u00eda, An\u00e1lisis de patrones de manchas de sangre y Auditor\u00eda Forense, entre otras).<\/p><\/div><\/div>\n<\/div>\n<\/div>\n<\/div><\/div>","protected":false},"excerpt":{"rendered":"<p>Services Design by Freepik<\/p>","protected":false},"author":1,"featured_media":0,"parent":0,"menu_order":0,"comment_status":"closed","ping_status":"closed","template":"","meta":{"_uag_custom_page_level_css":"","site-sidebar-layout":"no-sidebar","site-content-layout":"page-builder","ast-site-content-layout":"full-width-container","site-content-style":"unboxed","site-sidebar-style":"unboxed","ast-global-header-display":"","ast-banner-title-visibility":"","ast-main-header-display":"","ast-hfb-above-header-display":"","ast-hfb-below-header-display":"","ast-hfb-mobile-header-display":"","site-post-title":"disabled","ast-breadcrumbs-content":"","ast-featured-img":"disabled","footer-sml-layout":"","theme-transparent-header-meta":"enabled","adv-header-id-meta":"","stick-header-meta":"","header-above-stick-meta":"","header-main-stick-meta":"","header-below-stick-meta":"","astra-migrate-meta-layouts":"set","ast-page-background-enabled":"default","ast-page-background-meta":{"desktop":{"background-color":"","background-image":"","background-repeat":"repeat","background-position":"center center","background-size":"auto","background-attachment":"scroll","background-type":"","background-media":"","overlay-type":"","overlay-color":"","overlay-opacity":"","overlay-gradient":""},"tablet":{"background-color":"","background-image":"","background-repeat":"repeat","background-position":"center center","background-size":"auto","background-attachment":"scroll","background-type":"","background-media":"","overlay-type":"","overlay-color":"","overlay-opacity":"","overlay-gradient":""},"mobile":{"background-color":"","background-image":"","background-repeat":"repeat","background-position":"center center","background-size":"auto","background-attachment":"scroll","background-type":"","background-media":"","overlay-type":"","overlay-color":"","overlay-opacity":"","overlay-gradient":""}},"ast-content-background-meta":{"desktop":{"background-color":"var(--ast-global-color-5)","background-image":"","background-repeat":"repeat","background-position":"center center","background-size":"auto","background-attachment":"scroll","background-type":"","background-media":"","overlay-type":"","overlay-color":"","overlay-opacity":"","overlay-gradient":""},"tablet":{"background-color":"var(--ast-global-color-5)","background-image":"","background-repeat":"repeat","background-position":"center center","background-size":"auto","background-attachment":"scroll","background-type":"","background-media":"","overlay-type":"","overlay-color":"","overlay-opacity":"","overlay-gradient":""},"mobile":{"background-color":"var(--ast-global-color-5)","background-image":"","background-repeat":"repeat","background-position":"center center","background-size":"auto","background-attachment":"scroll","background-type":"","background-media":"","overlay-type":"","overlay-color":"","overlay-opacity":"","overlay-gradient":""}},"footnotes":""},"uagb_featured_image_src":{"full":false,"thumbnail":false,"medium":false,"medium_large":false,"large":false,"1536x1536":false,"2048x2048":false,"trp-custom-language-flag":false},"uagb_author_info":{"display_name":"lmlopezcarr","author_link":"https:\/\/consultequia.com\/es\/author\/lmlopezcarr\/"},"uagb_comment_info":0,"uagb_excerpt":"Services Design by Freepik","_links":{"self":[{"href":"https:\/\/consultequia.com\/es\/wp-json\/wp\/v2\/pages\/1492"}],"collection":[{"href":"https:\/\/consultequia.com\/es\/wp-json\/wp\/v2\/pages"}],"about":[{"href":"https:\/\/consultequia.com\/es\/wp-json\/wp\/v2\/types\/page"}],"author":[{"embeddable":true,"href":"https:\/\/consultequia.com\/es\/wp-json\/wp\/v2\/users\/1"}],"replies":[{"embeddable":true,"href":"https:\/\/consultequia.com\/es\/wp-json\/wp\/v2\/comments?post=1492"}],"version-history":[{"count":160,"href":"https:\/\/consultequia.com\/es\/wp-json\/wp\/v2\/pages\/1492\/revisions"}],"predecessor-version":[{"id":3426,"href":"https:\/\/consultequia.com\/es\/wp-json\/wp\/v2\/pages\/1492\/revisions\/3426"}],"wp:attachment":[{"href":"https:\/\/consultequia.com\/es\/wp-json\/wp\/v2\/media?parent=1492"}],"curies":[{"name":"wp","href":"https:\/\/api.w.org\/{rel}","templated":true}]}}